{"id":457,"date":"2018-05-15T20:30:10","date_gmt":"2018-05-15T19:30:10","guid":{"rendered":"http:\/\/www.dagstorp.nu\/spd\/?page_id=457"},"modified":"2019-04-03T21:06:39","modified_gmt":"2019-04-03T20:06:39","slug":"hovslagare","status":"publish","type":"page","link":"https:\/\/www.dagstorp.nu\/spd\/information\/hovslagare\/","title":{"rendered":"Hovslagare"},"content":{"rendered":"<p>Under t\u00e4vlingshelgen kommer hovslagare finnas p\u00e5 plats<\/p>\n<p><a href=\"http:\/\/www.dagstorp.nu\/spd\/wp-content\/uploads\/2018\/05\/grasbana.jpg\"><img loading=\"lazy\" class=\"alignnone size-medium wp-image-462\" src=\"http:\/\/www.dagstorp.nu\/spd\/wp-content\/uploads\/2018\/05\/grasbana-300x200.jpg\" alt=\"\" width=\"300\" height=\"200\" srcset=\"https:\/\/www.dagstorp.nu\/spd\/wp-content\/uploads\/2018\/05\/grasbana-300x200.jpg 300w, https:\/\/www.dagstorp.nu\/spd\/wp-content\/uploads\/2018\/05\/grasbana-450x300.jpg 450w, https:\/\/www.dagstorp.nu\/spd\/wp-content\/uploads\/2018\/05\/grasbana.jpg 600w\" sizes=\"(max-width: 300px) 100vw, 300px\" \/><\/a><\/p>\n<p>Gl\u00f6m inte att det \u00e4r gr\u00e4sbana p\u00e5 hoppningen, kolla att det \u00e4r broddh\u00e5l i skorna. Vi har best\u00e4llt fint v\u00e4der, men man vet aldrig<\/p>\n","protected":false},"excerpt":{"rendered":"<p>Under t\u00e4vlingshelgen kommer hovslagare finnas p\u00e5 plats Gl\u00f6m inte att det \u00e4r gr\u00e4sbana p\u00e5 hoppningen, kolla att det \u00e4r broddh\u00e5l i skorna. Vi har best\u00e4llt fint v\u00e4der, men man vet aldrig<\/p>\n","protected":false},"author":1,"featured_media":0,"parent":77,"menu_order":7,"comment_status":"closed","ping_status":"closed","template":"","meta":[],"_links":{"self":[{"href":"https:\/\/www.dagstorp.nu\/spd\/wp-json\/wp\/v2\/pages\/457"}],"collection":[{"href":"https:\/\/www.dagstorp.nu\/spd\/wp-json\/wp\/v2\/pages"}],"about":[{"href":"https:\/\/www.dagstorp.nu\/spd\/wp-json\/wp\/v2\/types\/page"}],"author":[{"embeddable":true,"href":"https:\/\/www.dagstorp.nu\/spd\/wp-json\/wp\/v2\/users\/1"}],"replies":[{"embeddable":true,"href":"https:\/\/www.dagstorp.nu\/spd\/wp-json\/wp\/v2\/comments?post=457"}],"version-history":[{"count":4,"href":"https:\/\/www.dagstorp.nu\/spd\/wp-json\/wp\/v2\/pages\/457\/revisions"}],"predecessor-version":[{"id":573,"href":"https:\/\/www.dagstorp.nu\/spd\/wp-json\/wp\/v2\/pages\/457\/revisions\/573"}],"up":[{"embeddable":true,"href":"https:\/\/www.dagstorp.nu\/spd\/wp-json\/wp\/v2\/pages\/77"}],"wp:attachment":[{"href":"https:\/\/www.dagstorp.nu\/spd\/wp-json\/wp\/v2\/media?parent=457"}],"curies":[{"name":"wp","href":"https:\/\/api.w.org\/{rel}","templated":true}]}}