{"id":378,"date":"2018-05-04T17:52:08","date_gmt":"2018-05-04T16:52:08","guid":{"rendered":"http:\/\/www.dagstorp.nu\/spd\/?page_id=378"},"modified":"2019-04-03T21:04:48","modified_gmt":"2019-04-03T20:04:48","slug":"boende-hast","status":"publish","type":"page","link":"https:\/\/www.dagstorp.nu\/spd\/information\/boende-hast\/","title":{"rendered":"Boende &#8211; h\u00e4st"},"content":{"rendered":"<p>det finns boxplatser p\u00e5 t\u00e4vlingsplatsen, bokas via <a href=\"https:\/\/tdb.ridsport.se\/\">TDB<\/a><\/p>\n","protected":false},"excerpt":{"rendered":"<p>det finns boxplatser p\u00e5 t\u00e4vlingsplatsen, bokas via TDB<\/p>\n","protected":false},"author":1,"featured_media":0,"parent":77,"menu_order":2,"comment_status":"closed","ping_status":"closed","template":"","meta":[],"_links":{"self":[{"href":"https:\/\/www.dagstorp.nu\/spd\/wp-json\/wp\/v2\/pages\/378"}],"collection":[{"href":"https:\/\/www.dagstorp.nu\/spd\/wp-json\/wp\/v2\/pages"}],"about":[{"href":"https:\/\/www.dagstorp.nu\/spd\/wp-json\/wp\/v2\/types\/page"}],"author":[{"embeddable":true,"href":"https:\/\/www.dagstorp.nu\/spd\/wp-json\/wp\/v2\/users\/1"}],"replies":[{"embeddable":true,"href":"https:\/\/www.dagstorp.nu\/spd\/wp-json\/wp\/v2\/comments?post=378"}],"version-history":[{"count":6,"href":"https:\/\/www.dagstorp.nu\/spd\/wp-json\/wp\/v2\/pages\/378\/revisions"}],"predecessor-version":[{"id":572,"href":"https:\/\/www.dagstorp.nu\/spd\/wp-json\/wp\/v2\/pages\/378\/revisions\/572"}],"up":[{"embeddable":true,"href":"https:\/\/www.dagstorp.nu\/spd\/wp-json\/wp\/v2\/pages\/77"}],"wp:attachment":[{"href":"https:\/\/www.dagstorp.nu\/spd\/wp-json\/wp\/v2\/media?parent=378"}],"curies":[{"name":"wp","href":"https:\/\/api.w.org\/{rel}","templated":true}]}}