{"id":376,"date":"2018-05-04T17:50:47","date_gmt":"2018-05-04T16:50:47","guid":{"rendered":"http:\/\/www.dagstorp.nu\/spd\/?page_id=376"},"modified":"2018-05-04T21:44:24","modified_gmt":"2018-05-04T20:44:24","slug":"boende-manniska","status":"publish","type":"page","link":"https:\/\/www.dagstorp.nu\/spd\/information\/boende-manniska\/","title":{"rendered":"Boende &#8211; m\u00e4nniska"},"content":{"rendered":"<p>P\u00e5 anl\u00e4ggningen finns m\u00f6jlighet att st\u00e4lla husvagn, t\u00e4lt eller bo i lastbilen. Campingen kommer vara p\u00e5 &#8230;..<\/p>\n<p>Toaletter: Det finns n\u00e5gra vattentoaletter i stora ridhuset, samt hyrtoaletter ute p\u00e5 anl\u00e4ggningen<\/p>\n<p>Dusch: M\u00f6jlighet till dusch i separat duschvagn<\/p>\n<p><a href=\"http:\/\/www.visitkavlinge.se\/sv\/boende\">http:\/\/www.visitkavlinge.se\/sv\/boende<\/a><\/p>\n<p>&nbsp;<\/p>\n","protected":false},"excerpt":{"rendered":"<p>P\u00e5 anl\u00e4ggningen finns m\u00f6jlighet att st\u00e4lla husvagn, t\u00e4lt eller bo i lastbilen. Campingen kommer vara p\u00e5 &#8230;.. Toaletter: Det finns n\u00e5gra vattentoaletter i stora ridhuset, samt hyrtoaletter ute p\u00e5 anl\u00e4ggningen Dusch: M\u00f6jlighet till dusch i separat duschvagn http:\/\/www.visitkavlinge.se\/sv\/boende &nbsp;<\/p>\n","protected":false},"author":1,"featured_media":0,"parent":77,"menu_order":2,"comment_status":"closed","ping_status":"closed","template":"","meta":[],"_links":{"self":[{"href":"https:\/\/www.dagstorp.nu\/spd\/wp-json\/wp\/v2\/pages\/376"}],"collection":[{"href":"https:\/\/www.dagstorp.nu\/spd\/wp-json\/wp\/v2\/pages"}],"about":[{"href":"https:\/\/www.dagstorp.nu\/spd\/wp-json\/wp\/v2\/types\/page"}],"author":[{"embeddable":true,"href":"https:\/\/www.dagstorp.nu\/spd\/wp-json\/wp\/v2\/users\/1"}],"replies":[{"embeddable":true,"href":"https:\/\/www.dagstorp.nu\/spd\/wp-json\/wp\/v2\/comments?post=376"}],"version-history":[{"count":2,"href":"https:\/\/www.dagstorp.nu\/spd\/wp-json\/wp\/v2\/pages\/376\/revisions"}],"predecessor-version":[{"id":410,"href":"https:\/\/www.dagstorp.nu\/spd\/wp-json\/wp\/v2\/pages\/376\/revisions\/410"}],"up":[{"embeddable":true,"href":"https:\/\/www.dagstorp.nu\/spd\/wp-json\/wp\/v2\/pages\/77"}],"wp:attachment":[{"href":"https:\/\/www.dagstorp.nu\/spd\/wp-json\/wp\/v2\/media?parent=376"}],"curies":[{"name":"wp","href":"https:\/\/api.w.org\/{rel}","templated":true}]}}