{"id":371,"date":"2018-05-04T17:38:44","date_gmt":"2018-05-04T16:38:44","guid":{"rendered":"http:\/\/www.dagstorp.nu\/spd\/?page_id=371"},"modified":"2018-05-05T17:35:04","modified_gmt":"2018-05-05T16:35:04","slug":"anlaggningsskiss","status":"publish","type":"page","link":"https:\/\/www.dagstorp.nu\/spd\/information\/anlaggningsskiss\/","title":{"rendered":"Anl\u00e4ggningsskiss"},"content":{"rendered":"<p><strong>Klicka p\u00e5 bilden f\u00f6r att se den i st\u00f6rre och skarpare format!<\/strong><a href=\"http:\/\/www.dagstorp.nu\/spd\/wp-content\/uploads\/2014\/02\/Sk\u00e4rmavbild-2014-07-14-kl.-20.47.53.png\"><img loading=\"lazy\" class=\"alignnone size-full wp-image-185\" src=\"http:\/\/www.dagstorp.nu\/spd\/wp-content\/uploads\/2014\/02\/Sk\u00e4rmavbild-2014-07-14-kl.-20.47.53.png\" alt=\"Sk\u00e4rmavbild 2014-07-14 kl. 20.47.53\" width=\"1280\" height=\"800\" srcset=\"https:\/\/www.dagstorp.nu\/spd\/wp-content\/uploads\/2014\/02\/Sk\u00e4rmavbild-2014-07-14-kl.-20.47.53.png 1280w, https:\/\/www.dagstorp.nu\/spd\/wp-content\/uploads\/2014\/02\/Sk\u00e4rmavbild-2014-07-14-kl.-20.47.53-300x187.png 300w, https:\/\/www.dagstorp.nu\/spd\/wp-content\/uploads\/2014\/02\/Sk\u00e4rmavbild-2014-07-14-kl.-20.47.53-1024x640.png 1024w, https:\/\/www.dagstorp.nu\/spd\/wp-content\/uploads\/2014\/02\/Sk\u00e4rmavbild-2014-07-14-kl.-20.47.53-480x300.png 480w\" sizes=\"(max-width: 1280px) 100vw, 1280px\" \/><\/a><\/p>\n<div id=\"attachment_432\" style=\"width: 594px\" class=\"wp-caption alignnone\"><a href=\"http:\/\/www.dagstorp.nu\/spd\/wp-content\/uploads\/2018\/05\/IMG_3639.jpg\"><img aria-describedby=\"caption-attachment-432\" loading=\"lazy\" class=\"wp-image-432 size-large\" src=\"http:\/\/www.dagstorp.nu\/spd\/wp-content\/uploads\/2018\/05\/IMG_3639-1024x768.jpg\" alt=\"\" width=\"584\" height=\"438\" srcset=\"https:\/\/www.dagstorp.nu\/spd\/wp-content\/uploads\/2018\/05\/IMG_3639-1024x768.jpg 1024w, https:\/\/www.dagstorp.nu\/spd\/wp-content\/uploads\/2018\/05\/IMG_3639-300x225.jpg 300w, https:\/\/www.dagstorp.nu\/spd\/wp-content\/uploads\/2018\/05\/IMG_3639-768x576.jpg 768w, https:\/\/www.dagstorp.nu\/spd\/wp-content\/uploads\/2018\/05\/IMG_3639-400x300.jpg 400w\" sizes=\"(max-width: 584px) 100vw, 584px\" \/><\/a><p id=\"caption-attachment-432\" class=\"wp-caption-text\">Framhoppning p\u00e5 grus<\/dd>\n<dd><\/p><\/div>\n<div id=\"attachment_435\" style=\"width: 594px\" class=\"wp-caption alignnone\"><a href=\"http:\/\/www.dagstorp.nu\/spd\/wp-content\/uploads\/2018\/05\/IMG_3646-2.jpg\"><img aria-describedby=\"caption-attachment-435\" loading=\"lazy\" class=\"wp-image-435 size-large\" src=\"http:\/\/www.dagstorp.nu\/spd\/wp-content\/uploads\/2018\/05\/IMG_3646-2-1024x768.jpg\" alt=\"\" width=\"584\" height=\"438\" srcset=\"https:\/\/www.dagstorp.nu\/spd\/wp-content\/uploads\/2018\/05\/IMG_3646-2-1024x768.jpg 1024w, https:\/\/www.dagstorp.nu\/spd\/wp-content\/uploads\/2018\/05\/IMG_3646-2-300x225.jpg 300w, https:\/\/www.dagstorp.nu\/spd\/wp-content\/uploads\/2018\/05\/IMG_3646-2-768x576.jpg 768w, https:\/\/www.dagstorp.nu\/spd\/wp-content\/uploads\/2018\/05\/IMG_3646-2-400x300.jpg 400w\" sizes=\"(max-width: 584px) 100vw, 584px\" \/><\/a><p id=\"caption-attachment-435\" class=\"wp-caption-text\">Hoppt\u00e4vlingarna p\u00e5 gr\u00e4s, beroende p\u00e5 v\u00e4der kan det beh\u00f6va broddas.<\/p><\/div>\n","protected":false},"excerpt":{"rendered":"<p>Klicka p\u00e5 bilden f\u00f6r att se den i st\u00f6rre och skarpare format!<\/p>\n","protected":false},"author":1,"featured_media":0,"parent":77,"menu_order":3,"comment_status":"closed","ping_status":"closed","template":"","meta":[],"_links":{"self":[{"href":"https:\/\/www.dagstorp.nu\/spd\/wp-json\/wp\/v2\/pages\/371"}],"collection":[{"href":"https:\/\/www.dagstorp.nu\/spd\/wp-json\/wp\/v2\/pages"}],"about":[{"href":"https:\/\/www.dagstorp.nu\/spd\/wp-json\/wp\/v2\/types\/page"}],"author":[{"embeddable":true,"href":"https:\/\/www.dagstorp.nu\/spd\/wp-json\/wp\/v2\/users\/1"}],"replies":[{"embeddable":true,"href":"https:\/\/www.dagstorp.nu\/spd\/wp-json\/wp\/v2\/comments?post=371"}],"version-history":[{"count":3,"href":"https:\/\/www.dagstorp.nu\/spd\/wp-json\/wp\/v2\/pages\/371\/revisions"}],"predecessor-version":[{"id":445,"href":"https:\/\/www.dagstorp.nu\/spd\/wp-json\/wp\/v2\/pages\/371\/revisions\/445"}],"up":[{"embeddable":true,"href":"https:\/\/www.dagstorp.nu\/spd\/wp-json\/wp\/v2\/pages\/77"}],"wp:attachment":[{"href":"https:\/\/www.dagstorp.nu\/spd\/wp-json\/wp\/v2\/media?parent=371"}],"curies":[{"name":"wp","href":"https:\/\/api.w.org\/{rel}","templated":true}]}}