{"id":131,"date":"2014-02-24T16:44:08","date_gmt":"2014-02-24T16:44:08","guid":{"rendered":"http:\/\/svensktponnyderby.wordpress.com\/?page_id=131"},"modified":"2019-04-16T07:04:16","modified_gmt":"2019-04-16T06:04:16","slug":"funktionar","status":"publish","type":"page","link":"https:\/\/www.dagstorp.nu\/spd\/information\/funktionar\/","title":{"rendered":"Funktion\u00e4r"},"content":{"rendered":"<p>Sugen p\u00e5 att hj\u00e4lpa till som funktion\u00e4r? F\u00f6r att genomf\u00f6ra Svenskt ponnyderby beh\u00f6vs m\u00e4ngder med ideella krafter. Vi v\u00e4lkomnar alla som vill vara med p\u00e5 en av sommarens h\u00f6jdpunkter<\/p>\n<p>Mejla <a href=\"mailto:dagstorpsprtensrf@hotmail.com\" target=\"_blank\" rel=\"noopener noreferrer\">dagstorpsortensrf@hotmail.com<\/a><\/p>\n","protected":false},"excerpt":{"rendered":"<p>Sugen p\u00e5 att hj\u00e4lpa till som funktion\u00e4r? F\u00f6r att genomf\u00f6ra Svenskt ponnyderby beh\u00f6vs m\u00e4ngder med ideella krafter. Vi v\u00e4lkomnar alla som vill vara med p\u00e5 en av sommarens h\u00f6jdpunkter Mejla dagstorpsortensrf@hotmail.com<\/p>\n","protected":false},"author":1,"featured_media":0,"parent":77,"menu_order":6,"comment_status":"closed","ping_status":"open","template":"","meta":[],"_links":{"self":[{"href":"https:\/\/www.dagstorp.nu\/spd\/wp-json\/wp\/v2\/pages\/131"}],"collection":[{"href":"https:\/\/www.dagstorp.nu\/spd\/wp-json\/wp\/v2\/pages"}],"about":[{"href":"https:\/\/www.dagstorp.nu\/spd\/wp-json\/wp\/v2\/types\/page"}],"author":[{"embeddable":true,"href":"https:\/\/www.dagstorp.nu\/spd\/wp-json\/wp\/v2\/users\/1"}],"replies":[{"embeddable":true,"href":"https:\/\/www.dagstorp.nu\/spd\/wp-json\/wp\/v2\/comments?post=131"}],"version-history":[{"count":4,"href":"https:\/\/www.dagstorp.nu\/spd\/wp-json\/wp\/v2\/pages\/131\/revisions"}],"predecessor-version":[{"id":604,"href":"https:\/\/www.dagstorp.nu\/spd\/wp-json\/wp\/v2\/pages\/131\/revisions\/604"}],"up":[{"embeddable":true,"href":"https:\/\/www.dagstorp.nu\/spd\/wp-json\/wp\/v2\/pages\/77"}],"wp:attachment":[{"href":"https:\/\/www.dagstorp.nu\/spd\/wp-json\/wp\/v2\/media?parent=131"}],"curies":[{"name":"wp","href":"https:\/\/api.w.org\/{rel}","templated":true}]}}