{"id":123,"date":"2014-02-24T16:40:38","date_gmt":"2014-02-24T16:40:38","guid":{"rendered":"http:\/\/svensktponnyderby.wordpress.com\/?page_id=123"},"modified":"2021-04-29T12:57:54","modified_gmt":"2021-04-29T11:57:54","slug":"utstallare-2015","status":"publish","type":"page","link":"https:\/\/www.dagstorp.nu\/spd\/utstallare-2015\/","title":{"rendered":"Utst\u00e4llare\/Sponsorer"},"content":{"rendered":"<p>P\u00e5 t\u00e4vlingsplatsen har vi som vanligt utst\u00e4llare.<\/p>\n\n\n<p><\/p>\n","protected":false},"excerpt":{"rendered":"<p>P\u00e5 t\u00e4vlingsplatsen har vi som vanligt utst\u00e4llare.<\/p>\n","protected":false},"author":1,"featured_media":0,"parent":0,"menu_order":1,"comment_status":"closed","ping_status":"closed","template":"","meta":[],"_links":{"self":[{"href":"https:\/\/www.dagstorp.nu\/spd\/wp-json\/wp\/v2\/pages\/123"}],"collection":[{"href":"https:\/\/www.dagstorp.nu\/spd\/wp-json\/wp\/v2\/pages"}],"about":[{"href":"https:\/\/www.dagstorp.nu\/spd\/wp-json\/wp\/v2\/types\/page"}],"author":[{"embeddable":true,"href":"https:\/\/www.dagstorp.nu\/spd\/wp-json\/wp\/v2\/users\/1"}],"replies":[{"embeddable":true,"href":"https:\/\/www.dagstorp.nu\/spd\/wp-json\/wp\/v2\/comments?post=123"}],"version-history":[{"count":24,"href":"https:\/\/www.dagstorp.nu\/spd\/wp-json\/wp\/v2\/pages\/123\/revisions"}],"predecessor-version":[{"id":780,"href":"https:\/\/www.dagstorp.nu\/spd\/wp-json\/wp\/v2\/pages\/123\/revisions\/780"}],"wp:attachment":[{"href":"https:\/\/www.dagstorp.nu\/spd\/wp-json\/wp\/v2\/media?parent=123"}],"curies":[{"name":"wp","href":"https:\/\/api.w.org\/{rel}","templated":true}]}}