{"id":104,"date":"2014-02-24T16:24:13","date_gmt":"2014-02-24T16:24:13","guid":{"rendered":"http:\/\/svensktponnyderby.wordpress.com\/?page_id=104"},"modified":"2019-11-12T11:58:02","modified_gmt":"2019-11-12T10:58:02","slug":"hitta-hit","status":"publish","type":"page","link":"https:\/\/www.dagstorp.nu\/spd\/information\/hitta-hit\/","title":{"rendered":"Hitta hit"},"content":{"rendered":"\n\n<p>Anl\u00e4ggningens adress:Grand Prix v\u00e4gen 246 51 L\u00f6ddek\u00f6pinge<\/p>\n<p>V\u00e4gbeskrivning<\/p>\n<p>Fr\u00e5n Helsingborg :<br \/>K\u00f6r av E6:an vid trafikplats Lund\u00e5kra, ca 1 mil s\u00f6der om Landskrona, och sv\u00e4ng v\u00e4nster mot K\u00e4vlinge. Sv\u00e4ng h\u00f6ger efter n\u00e5gra kilometer, mot L\u00f6ddek\u00f6pinge. F\u00f6lj denna v\u00e4g i ca 5 km. T\u00e4vlingsplatsen ligger utmed v\u00e4gen p\u00e5 v\u00e4nster sida.<\/p>\n<p>Fr\u00e5n Kristianstad\/ Kalmar :<br \/>K\u00f6r av E22:an vid trafikplats G\u00e5rdst\u00e5nga och sv\u00e4ng mot K\u00e4vlinge. Forts\u00e4tt p\u00e5 denna v\u00e4g, 104:an, f\u00f6rbi \u00d6rtofta, K\u00e4vlinge, V\u00e4stra Karaby och D\u00f6sjebro. Vid rondellen i Saxtorp, sv\u00e4ng mot Malm\u00f6. Efter n\u00e5gra hundra meter, sv\u00e4ng v\u00e4nster mot L\u00f6ddek\u00f6pinge och f\u00f6lj denna v\u00e4g i ca 5 km. T\u00e4vlingsplatsen ligger utmed v\u00e4gen p\u00e5 v\u00e4nster sida.<\/p>\n<p>Fr\u00e5n Malm\u00f6<br \/>K\u00f6r av E6:an vid trafikplats Borgeby och sv\u00e4ng h\u00f6ger mot L\u00f6ddek\u00f6pinge. K\u00f6r rakt fram vid trafikljusen i L\u00f6ddek\u00f6pinge. K\u00f6r rakt fram i rondellen. F\u00f6lj v\u00e4gen i knappt en kilometer, sv\u00e4ng h\u00f6ger mot Hofterup efter en skarp v\u00e4nsterkurva och f\u00f6lj denna v\u00e4g i ca 3,5 km. T\u00e4vlingsplatsen ligger utmed v\u00e4gen p\u00e5 h\u00f6ger sida.<\/p>\n<p>GPS:<br \/>Lat N 55 48&#8242; 16,77&#8243;<\/p>\n<p>Long E 12 59&#8242; 6,76&#8243;<\/p>\n\n\n<iframe loading=\"lazy\" src=\"https:\/\/www.google.com\/maps\/embed?pb=!1m18!1m12!1m3!1d2242.445537235908!2d12.984435651748793!3d55.80286519550157!2m3!1f0!2f0!3f0!3m2!1i1024!2i768!4f13.1!3m3!1m2!1s0x4653b994b2484865%3A0x938da4d4e243ba8a!2sDagstorpsortens%20Ryttarf%C3%B6rening!5e0!3m2!1ssv!2sse!4v1573556200894!5m2!1ssv!2sse\" width=\"600\" height=\"450\" frameborder=\"0\" style=\"border:0;\" allowfullscreen=\"\"><\/iframe>\n","protected":false},"excerpt":{"rendered":"<p>Anl\u00e4ggningens adress:Grand Prix v\u00e4gen 246 51 L\u00f6ddek\u00f6pinge V\u00e4gbeskrivning Fr\u00e5n Helsingborg :K\u00f6r av E6:an vid trafikplats Lund\u00e5kra, ca 1 mil s\u00f6der om Landskrona, och sv\u00e4ng v\u00e4nster mot K\u00e4vlinge. Sv\u00e4ng h\u00f6ger efter n\u00e5gra kilometer, mot L\u00f6ddek\u00f6pinge. F\u00f6lj denna v\u00e4g i ca 5 &hellip; <a href=\"https:\/\/www.dagstorp.nu\/spd\/information\/hitta-hit\/\">Forts\u00e4tt l\u00e4sa <span class=\"meta-nav\">&rarr;<\/span><\/a><\/p>\n","protected":false},"author":1,"featured_media":0,"parent":77,"menu_order":2,"comment_status":"closed","ping_status":"open","template":"","meta":[],"_links":{"self":[{"href":"https:\/\/www.dagstorp.nu\/spd\/wp-json\/wp\/v2\/pages\/104"}],"collection":[{"href":"https:\/\/www.dagstorp.nu\/spd\/wp-json\/wp\/v2\/pages"}],"about":[{"href":"https:\/\/www.dagstorp.nu\/spd\/wp-json\/wp\/v2\/types\/page"}],"author":[{"embeddable":true,"href":"https:\/\/www.dagstorp.nu\/spd\/wp-json\/wp\/v2\/users\/1"}],"replies":[{"embeddable":true,"href":"https:\/\/www.dagstorp.nu\/spd\/wp-json\/wp\/v2\/comments?post=104"}],"version-history":[{"count":4,"href":"https:\/\/www.dagstorp.nu\/spd\/wp-json\/wp\/v2\/pages\/104\/revisions"}],"predecessor-version":[{"id":748,"href":"https:\/\/www.dagstorp.nu\/spd\/wp-json\/wp\/v2\/pages\/104\/revisions\/748"}],"up":[{"embeddable":true,"href":"https:\/\/www.dagstorp.nu\/spd\/wp-json\/wp\/v2\/pages\/77"}],"wp:attachment":[{"href":"https:\/\/www.dagstorp.nu\/spd\/wp-json\/wp\/v2\/media?parent=104"}],"curies":[{"name":"wp","href":"https:\/\/api.w.org\/{rel}","templated":true}]}}