{"id":102,"date":"2014-02-24T16:22:39","date_gmt":"2014-02-24T16:22:39","guid":{"rendered":"http:\/\/svensktponnyderby.wordpress.com\/?page_id=102"},"modified":"2019-11-12T11:54:58","modified_gmt":"2019-11-12T10:54:58","slug":"ata-bo","status":"publish","type":"page","link":"https:\/\/www.dagstorp.nu\/spd\/information\/ata-bo\/","title":{"rendered":"\u00c4ta"},"content":{"rendered":"<p>Cafeterian p\u00e5 Dagstorp \u00e4r som vanligt fylld med v\u00e4llagad mat och fika. Det finns gott om plats s\u00e5 v\u00e4l inne som ute p\u00e5 v\u00e5rat tr\u00e4d\u00e4ck.<\/p>\n<p>Under Svenskt ponnyderby finns det frukost, dagens r\u00e4tt, vegetariska alternativ,mackor, sallad kakor, bullar och s\u00e5 klart kaffe \ud83d\ude42<\/p>\n<p>Allergisk? S\u00e4g till, vi har alltid n\u00e5got laktos och eller glutenfritt.<\/p>\n","protected":false},"excerpt":{"rendered":"<p>Cafeterian p\u00e5 Dagstorp \u00e4r som vanligt fylld med v\u00e4llagad mat och fika. Det finns gott om plats s\u00e5 v\u00e4l inne som ute p\u00e5 v\u00e5rat tr\u00e4d\u00e4ck. Under Svenskt ponnyderby finns det frukost, dagens r\u00e4tt, vegetariska alternativ,mackor, sallad kakor, bullar och s\u00e5 &hellip; <a href=\"https:\/\/www.dagstorp.nu\/spd\/information\/ata-bo\/\">Forts\u00e4tt l\u00e4sa <span class=\"meta-nav\">&rarr;<\/span><\/a><\/p>\n","protected":false},"author":1,"featured_media":0,"parent":77,"menu_order":1,"comment_status":"closed","ping_status":"open","template":"","meta":[],"_links":{"self":[{"href":"https:\/\/www.dagstorp.nu\/spd\/wp-json\/wp\/v2\/pages\/102"}],"collection":[{"href":"https:\/\/www.dagstorp.nu\/spd\/wp-json\/wp\/v2\/pages"}],"about":[{"href":"https:\/\/www.dagstorp.nu\/spd\/wp-json\/wp\/v2\/types\/page"}],"author":[{"embeddable":true,"href":"https:\/\/www.dagstorp.nu\/spd\/wp-json\/wp\/v2\/users\/1"}],"replies":[{"embeddable":true,"href":"https:\/\/www.dagstorp.nu\/spd\/wp-json\/wp\/v2\/comments?post=102"}],"version-history":[{"count":10,"href":"https:\/\/www.dagstorp.nu\/spd\/wp-json\/wp\/v2\/pages\/102\/revisions"}],"predecessor-version":[{"id":746,"href":"https:\/\/www.dagstorp.nu\/spd\/wp-json\/wp\/v2\/pages\/102\/revisions\/746"}],"up":[{"embeddable":true,"href":"https:\/\/www.dagstorp.nu\/spd\/wp-json\/wp\/v2\/pages\/77"}],"wp:attachment":[{"href":"https:\/\/www.dagstorp.nu\/spd\/wp-json\/wp\/v2\/media?parent=102"}],"curies":[{"name":"wp","href":"https:\/\/api.w.org\/{rel}","templated":true}]}}